{"id":101,"date":"2015-12-07T23:10:24","date_gmt":"2015-12-07T23:10:24","guid":{"rendered":"http:\/\/stmartinporres.ch\/?page_id=101"},"modified":"2015-12-08T08:12:19","modified_gmt":"2015-12-08T08:12:19","slug":"geschichte-des-umfassenden-hilfswerkes","status":"publish","type":"page","link":"https:\/\/stmartinporres.ch\/index.php\/geschichte-des-umfassenden-hilfswerkes\/","title":{"rendered":"Geschichte des umfassenden Hilfswerkes"},"content":{"rendered":"<p>Tr\u00e4gerschaft der drei Heime ist die breit abgest\u00fctzte Stiftung John D.V. Salvador, gegr\u00fcndet 2005:\u00a0<a href=\"http:\/\/www.jdvsfoundation.org\" target=\"_blank\">www.jdvsfoundation.org<\/a>.<\/p>\n<p>Die Leitung der Heime liegt in den H\u00e4nden von erfahrenen Betreuern und Betreuerinnen, Lehrkr\u00e4ften und Psychologen.<\/p>\n<p>Die ausgezeichnete Zusammenarbeit mit der Stiftung Salvador ist uns Gew\u00e4hr, dass jeder gespendete Franken nach unserer Vorgabe eingesetzt wird.<\/p>\n<p>Ihre grossz\u00fcgige Spende erm\u00f6glicht unserem Unterst\u00fctzungsverein die Finanzierung von Einrichtungsgegenst\u00e4nden, wie die K\u00fcche im M\u00e4dchenhaus, Stipendien f\u00fcr die Ausbildung<br \/>\nder gr\u00f6sseren Buben und M\u00e4dchen oder L\u00f6hne f\u00fcr die Betreuerinnen und Betreuer je nach den dringenden Bed\u00fcrfnissen von uns wohlgepr\u00fcft auszurichten. Wir danken herzlich!<\/p>\n","protected":false},"excerpt":{"rendered":"<p>Tr\u00e4gerschaft der drei Heime ist die breit abgest\u00fctzte Stiftung John D.V. Salvador, gegr\u00fcndet 2005:\u00a0www.jdvsfoundation.org. Die Leitung der Heime liegt in den H\u00e4nden von erfahrenen Betreuern und Betreuerinnen, Lehrkr\u00e4ften und Psychologen. Die ausgezeichnete Zusammenarbeit mit der Stiftung Salvador ist uns Gew\u00e4hr, dass jeder gespendete Franken nach unserer Vorgabe eingesetzt wird. Ihre grossz\u00fcgige Spende erm\u00f6glicht unserem Unterst\u00fctzungsverein [&hellip;]<\/p>\n","protected":false},"author":1,"featured_media":0,"parent":0,"menu_order":0,"comment_status":"closed","ping_status":"closed","template":"page-full.php","meta":{"footnotes":""},"class_list":["post-101","page","type-page","status-publish","hentry"],"_links":{"self":[{"href":"https:\/\/stmartinporres.ch\/index.php\/wp-json\/wp\/v2\/pages\/101","targetHints":{"allow":["GET"]}}],"collection":[{"href":"https:\/\/stmartinporres.ch\/index.php\/wp-json\/wp\/v2\/pages"}],"about":[{"href":"https:\/\/stmartinporres.ch\/index.php\/wp-json\/wp\/v2\/types\/page"}],"author":[{"embeddable":true,"href":"https:\/\/stmartinporres.ch\/index.php\/wp-json\/wp\/v2\/users\/1"}],"replies":[{"embeddable":true,"href":"https:\/\/stmartinporres.ch\/index.php\/wp-json\/wp\/v2\/comments?post=101"}],"version-history":[{"count":1,"href":"https:\/\/stmartinporres.ch\/index.php\/wp-json\/wp\/v2\/pages\/101\/revisions"}],"predecessor-version":[{"id":102,"href":"https:\/\/stmartinporres.ch\/index.php\/wp-json\/wp\/v2\/pages\/101\/revisions\/102"}],"wp:attachment":[{"href":"https:\/\/stmartinporres.ch\/index.php\/wp-json\/wp\/v2\/media?parent=101"}],"curies":[{"name":"wp","href":"https:\/\/api.w.org\/{rel}","templated":true}]}}